{"id":18712,"date":"2023-11-24T14:39:49","date_gmt":"2023-11-24T20:39:49","guid":{"rendered":"https:\/\/rokarealestate.net\/?page_id=18712"},"modified":"2023-11-24T15:10:54","modified_gmt":"2023-11-24T21:10:54","slug":"jobs","status":"publish","type":"page","link":"https:\/\/rokarealestate.net\/es\/jobs\/","title":{"rendered":"Trabajos"},"content":{"rendered":"<div data-elementor-type=\"wp-page\" data-elementor-id=\"18712\" class=\"elementor elementor-18712\">\n\t\t\t\t<div class=\"elementor-element elementor-element-efe7c67 e-con-full e-flex e-con e-parent\" data-id=\"efe7c67\" data-element_type=\"container\">\n\t\t\t\t<div class=\"elementor-element elementor-element-cbac26b elementor-widget__width-initial elementor-widget elementor-widget-image\" data-id=\"cbac26b\" data-element_type=\"widget\" data-widget_type=\"image.default\">\n\t\t\t\t<div class=\"elementor-widget-container\">\n\t\t\t<style>\/*! elementor - v3.22.0 - 26-06-2024 *\/\n.elementor-widget-image{text-align:center}.elementor-widget-image a{display:inline-block}.elementor-widget-image a img[src$=\".svg\"]{width:48px}.elementor-widget-image img{vertical-align:middle;display:inline-block}<\/style>\t\t\t\t\t\t\t\t\t\t\t<a href=\"https:\/\/rokarealestate.net\/wp-content\/uploads\/2023\/11\/we-are-hiring-roka-1.jpg\" data-elementor-open-lightbox=\"yes\" data-elementor-lightbox-title=\"we are hiring roka\" data-e-action-hash=\"#elementor-action%3Aaction%3Dlightbox%26settings%3DeyJpZCI6MTg3MTUsInVybCI6Imh0dHBzOlwvXC9yb2thcmVhbGVzdGF0ZS5uZXRcL3dwLWNvbnRlbnRcL3VwbG9hZHNcLzIwMjNcLzExXC93ZS1hcmUtaGlyaW5nLXJva2EtMS5qcGcifQ%3D%3D\">\n\t\t\t\t\t\t\t<img fetchpriority=\"high\" decoding=\"async\" width=\"1024\" height=\"1024\" src=\"https:\/\/rokarealestate.net\/wp-content\/uploads\/2023\/11\/we-are-hiring-roka-1-1024x1024.jpg\" class=\"attachment-large size-large wp-image-18715\" alt=\"\" srcset=\"https:\/\/rokarealestate.net\/wp-content\/uploads\/2023\/11\/we-are-hiring-roka-1-1024x1024.jpg 1024w, https:\/\/rokarealestate.net\/wp-content\/uploads\/2023\/11\/we-are-hiring-roka-1-300x300.jpg 300w, https:\/\/rokarealestate.net\/wp-content\/uploads\/2023\/11\/we-are-hiring-roka-1-150x150.jpg 150w, https:\/\/rokarealestate.net\/wp-content\/uploads\/2023\/11\/we-are-hiring-roka-1-768x768.jpg 768w, https:\/\/rokarealestate.net\/wp-content\/uploads\/2023\/11\/we-are-hiring-roka-1-12x12.jpg 12w, https:\/\/rokarealestate.net\/wp-content\/uploads\/2023\/11\/we-are-hiring-roka-1-780x780.jpg 780w, https:\/\/rokarealestate.net\/wp-content\/uploads\/2023\/11\/we-are-hiring-roka-1-600x600.jpg 600w, https:\/\/rokarealestate.net\/wp-content\/uploads\/2023\/11\/we-are-hiring-roka-1-496x496.jpg 496w, https:\/\/rokarealestate.net\/wp-content\/uploads\/2023\/11\/we-are-hiring-roka-1-100x100.jpg 100w, https:\/\/rokarealestate.net\/wp-content\/uploads\/2023\/11\/we-are-hiring-roka-1.jpg 1080w\" sizes=\"(max-width: 1024px) 100vw, 1024px\" \/>\t\t\t\t\t\t\t\t<\/a>\n\t\t\t\t\t\t\t\t\t\t\t\t\t<\/div>\n\t\t\t\t<\/div>\n\t\t\t\t<div class=\"elementor-element elementor-element-002e524 elementor-widget__width-initial elementor-widget elementor-widget-text-editor\" data-id=\"002e524\" data-element_type=\"widget\" data-widget_type=\"text-editor.default\">\n\t\t\t\t<div class=\"elementor-widget-container\">\n\t\t\t<style>\/*! elementor - v3.22.0 - 26-06-2024 *\/\n.elementor-widget-text-editor.elementor-drop-cap-view-stacked .elementor-drop-cap{background-color:#69727d;color:#fff}.elementor-widget-text-editor.elementor-drop-cap-view-framed .elementor-drop-cap{color:#69727d;border:3px solid;background-color:transparent}.elementor-widget-text-editor:not(.elementor-drop-cap-view-default) .elementor-drop-cap{margin-top:8px}.elementor-widget-text-editor:not(.elementor-drop-cap-view-default) .elementor-drop-cap-letter{width:1em;height:1em}.elementor-widget-text-editor .elementor-drop-cap{float:left;text-align:center;line-height:1;font-size:50px}.elementor-widget-text-editor .elementor-drop-cap-letter{display:inline-block}<\/style>\t\t\t\t<p><span class=\"OYPEnA text-decoration-none text-strikethrough-none\">\u00a1ESTAMOS CONTRATANDO!<\/span><\/p><ul><li><span class=\"OYPEnA text-decoration-none text-strikethrough-none\">Administrador y gerente<\/span><\/li><li><span class=\"OYPEnA text-decoration-none text-strikethrough-none\">Asistente de administraci\u00f3n<\/span><\/li><li><span class=\"OYPEnA text-decoration-none text-strikethrough-none\">Secretaria biling\u00fce<\/span><\/li><li><span class=\"OYPEnA text-decoration-none text-strikethrough-none\">Asesores de seguros de salud<\/span><\/li><li><span class=\"OYPEnA text-decoration-none text-strikethrough-none\">Agentes de ventas y atenci\u00f3n al cliente.<\/span><\/li><li><span class=\"OYPEnA text-decoration-none text-strikethrough-none\">Especialistas en gesti\u00f3n de redes sociales.<\/span><\/li><\/ul>\t\t\t\t\t\t<\/div>\n\t\t\t\t<\/div>\n\t\t\t\t<div class=\"elementor-element elementor-element-cc73e86 elementor-widget elementor-widget-button\" data-id=\"cc73e86\" data-element_type=\"widget\" data-widget_type=\"button.default\">\n\t\t\t\t<div class=\"elementor-widget-container\">\n\t\t\t\t\t<div class=\"elementor-button-wrapper\">\n\t\t\t<a class=\"elementor-button elementor-button-link elementor-size-sm\" href=\"https:\/\/rokarealestate.net\/es\/contact\/\">\n\t\t\t\t\t\t<span class=\"elementor-button-content-wrapper\">\n\t\t\t\t\t\t\t\t\t<span class=\"elementor-button-text\">Cont\u00e1ctenos<\/span>\n\t\t\t\t\t<\/span>\n\t\t\t\t\t<\/a>\n\t\t<\/div>\n\t\t\t\t<\/div>\n\t\t\t\t<\/div>\n\t\t\t\t<\/div>\n\t\t\t\t<\/div>","protected":false},"excerpt":{"rendered":"<p>\u00a1ESTAMOS CONTRATANDO! Administrador y gerente Asistente de gesti\u00f3n Secretaria biling\u00fce Asesores de seguros m\u00e9dicos Agentes de ventas y atenci\u00f3n al cliente Especialistas en gesti\u00f3n de redes sociales Cont\u00e1ctanos<\/p>","protected":false},"author":1,"featured_media":0,"parent":0,"menu_order":0,"comment_status":"closed","ping_status":"closed","template":"","meta":{"footnotes":""},"class_list":["post-18712","page","type-page","status-publish","hentry"],"aioseo_notices":[],"_links":{"self":[{"href":"https:\/\/rokarealestate.net\/es\/wp-json\/wp\/v2\/pages\/18712","targetHints":{"allow":["GET"]}}],"collection":[{"href":"https:\/\/rokarealestate.net\/es\/wp-json\/wp\/v2\/pages"}],"about":[{"href":"https:\/\/rokarealestate.net\/es\/wp-json\/wp\/v2\/types\/page"}],"author":[{"embeddable":true,"href":"https:\/\/rokarealestate.net\/es\/wp-json\/wp\/v2\/users\/1"}],"replies":[{"embeddable":true,"href":"https:\/\/rokarealestate.net\/es\/wp-json\/wp\/v2\/comments?post=18712"}],"version-history":[{"count":4,"href":"https:\/\/rokarealestate.net\/es\/wp-json\/wp\/v2\/pages\/18712\/revisions"}],"predecessor-version":[{"id":18720,"href":"https:\/\/rokarealestate.net\/es\/wp-json\/wp\/v2\/pages\/18712\/revisions\/18720"}],"wp:attachment":[{"href":"https:\/\/rokarealestate.net\/es\/wp-json\/wp\/v2\/media?parent=18712"}],"curies":[{"name":"wp","href":"https:\/\/api.w.org\/{rel}","templated":true}]}}